{"id":10451,"date":"2024-05-01T10:58:39","date_gmt":"2024-05-01T08:58:39","guid":{"rendered":"https:\/\/solarenergiafotovoltaica.com\/mas-informacion-sobre-las-cookies\/"},"modified":"2024-05-01T10:58:39","modified_gmt":"2024-05-01T08:58:39","slug":"mas-informacion-sobre-las-cookies","status":"publish","type":"page","link":"https:\/\/solarenergiafotovoltaica.com\/de\/weitere-informationen-uber-cookies\/","title":{"rendered":"Weitere Informationen \u00fcber Cookies"},"content":{"rendered":"<h2>Was ist ein Keks?<\/h2>\n<p>\n\tA <em>Cookie<\/em> ist eine Textdatei <b>harmlos<\/b> die in Ihrem Browser gespeichert wird, wenn Sie eine beliebige Website besuchen. Die N\u00fctzlichkeit der <em>Cookie<\/em> ist, dass die Website sich an Ihren Besuch erinnern kann, wenn Sie zu dieser Seite zur\u00fcckkehren. Obwohl viele Menschen nicht wissen, dass <em>Cookies<\/em> sind seit 20 Jahren in Gebrauch, als die ersten Browser f\u00fcr das World Wide Web erschienen.\n<\/p>\n<h2>Was ist NICHT ein Keks?<\/h2>\n<p>\n\tEs handelt sich nicht um einen Virus, Trojaner, Wurm, Spam, Spyware oder Pop-up.\n<\/p>\n<h2>Welche Informationen werden in einer <em>Cookie<\/em>?<\/h2>\n<p>\n\tDie <em>Cookies<\/em> speichern in der Regel keine sensiblen Informationen \u00fcber Sie, wie z. B. Kreditkarten- oder Bankdaten, Fotos, Ihren Personalausweis oder pers\u00f6nliche Informationen usw. Die Daten, die sie speichern, sind technischer Natur, pers\u00f6nliche Pr\u00e4ferenzen, Personalisierung von Inhalten usw.\n<\/p>\n<p>\n\tDer Webserver assoziiert nicht Sie als Person, sondern Ihren Webbrowser. Wenn Sie normalerweise mit dem Internet Explorer surfen und versuchen, dieselbe Website mit Firefox oder Chrome aufzurufen, werden Sie feststellen, dass das Web nicht erkennt, dass Sie dieselbe Person sind, weil es tats\u00e4chlich den Browser und nicht die Person zuordnet.\n<\/p>\n<h2>Welche Art von <em>Cookies<\/em> gibt es sie?<\/h2>\n<ul>\n<li><em>Cookies<\/em> technisch: Sie sind die elementarsten und erm\u00f6glichen es unter anderem zu wissen, wann ein Mensch oder eine automatisierte Anwendung surft, wann ein anonymer und wann ein registrierter Nutzer surft, grundlegende Aufgaben f\u00fcr das Funktionieren jeder dynamischen Website.<\/li>\n<li><em>Cookies<\/em> Analyse: Sie sammeln Informationen \u00fcber die Art des Surfens, die von Ihnen am h\u00e4ufigsten genutzten Bereiche, die aufgerufenen Produkte, die Zeit der Nutzung, die Sprache usw.<\/li>\n<li><em>Cookies<\/em> Werbung: Sie zeigen Werbung an, die auf Ihren Surfgewohnheiten, Ihrem Herkunftsland, Ihrer Sprache usw. basiert.<\/li>\n<\/ul>\n<h2>Was sind die <em>Cookies<\/em> eigene und die von Dritten?<\/h2>\n<p>\n\tDie <em>eigene Cookies<\/em> sind die, die von der Seite, die Sie besuchen, erzeugt werden, und die, die von der <em>von Dritten<\/em> sind solche, die von externen Diensten oder Anbietern wie Facebook, Twitter, Google usw. erzeugt werden.\n<\/p>\n<h2>Was passiert, wenn ich die <em>Cookies<\/em>?<\/h2>\n<p>\n\tDamit Sie verstehen, wie weitreichend es sein kann, die <em>Cookies<\/em> Hier sind einige Beispiele:<\/p>\n<ul>\n<li>Sie d\u00fcrfen Inhalte dieser Website nicht auf Facebook, Twitter oder einem anderen sozialen Netzwerk teilen.<\/li>\n<li>Die Website ist nicht in der Lage, den Inhalt an Ihre pers\u00f6nlichen Vorlieben anzupassen, wie es bei Online-Shops oft der Fall ist.<\/li>\n<li>Sie werden nicht in der Lage sein, auf den pers\u00f6nlichen Bereich dieser Website zuzugreifen, z. B. <em>Mein Konto<\/em>, o <em>Mein Profil<\/em> o <em>Meine Auftr\u00e4ge<\/em>.<\/li>\n<li>Online-Shops: Sie k\u00f6nnen nicht online einkaufen, sondern m\u00fcssen dies telefonisch oder in einem Ladengesch\u00e4ft tun, falls Sie eines haben.<\/li>\n<li>Es wird nicht m\u00f6glich sein, Ihre geografischen Pr\u00e4ferenzen wie Zeitzone, W\u00e4hrung oder Sprache anzupassen.<\/li>\n<li>Die Website wird nicht in der Lage sein, Webanalysen \u00fcber Besucher und Webverkehr durchzuf\u00fchren, was es f\u00fcr die Website schwierig machen wird, wettbewerbsf\u00e4hig zu sein.<\/li>\n<li>Sie k\u00f6nnen in dem Blog nicht schreiben, keine Fotos hochladen, keine Kommentare abgeben und keine Inhalte bewerten. Die Website kann nicht erkennen, ob Sie ein Mensch sind oder eine automatisierte Anwendung, die Inhalte ver\u00f6ffentlicht. <em>Spam<\/em>.<\/li>\n<li>Es wird nicht m\u00f6glich sein, gezielte Werbung anzuzeigen, was die Werbeeinnahmen der Website verringert.<\/li>\n<li>Alle sozialen Netzwerke verwenden <em>Cookies<\/em>Wenn Sie sie deaktivieren, k\u00f6nnen Sie kein soziales Netzwerk mehr nutzen.<\/li>\n<\/ul>\n<h2>Kann die <em>Cookies<\/em>?<\/h2>\n<p>\n\tJa, nicht nur l\u00f6schen, sondern auch sperren, entweder allgemein oder f\u00fcr einen bestimmten Bereich.\n<\/p>\n<p>\n\tZum Entfernen der <em>Cookies<\/em> Wenn Sie keinen Dom\u00e4nennamen haben, sollten Sie in den Einstellungen Ihres Browsers nach solchen suchen, die mit der fraglichen Dom\u00e4ne verkn\u00fcpft sind, und sie dann l\u00f6schen.\n<\/p>\n<h2 id=\"navegadores\">Konfiguration von <em>Cookies<\/em> f\u00fcr die g\u00e4ngigsten Browser<\/h2>\n<p>\n\tHier erfahren Sie, wie Sie auf eine <em>Cookie<\/em> durch den Browser bestimmt <b>Chrom<\/b>. Hinweis: Diese Schritte k\u00f6nnen je nach Browserversion variieren:<\/p>\n<ol>\n<li>Gehen Sie \u00fcber das Men\u00fc \"Datei\" oder durch Klicken auf das Anpassungssymbol oben rechts zu \"Einstellungen\" oder \"Pr\u00e4ferenzen\".<\/li>\n<li>Sie sehen verschiedene Abschnitte, klicken Sie auf die Option <em>Erweiterte Optionen anzeigen<\/em>.<\/li>\n<li>Gehe zu <em>Datenschutz<\/em>, <em>Inhaltliche Gestaltung<\/em>.<\/li>\n<li>W\u00e4hlen Sie <em>Die gesamte <em>Cookies<\/em> und Standortdaten<\/em>.<\/li>\n<li>Es erscheint eine Liste mit allen <em>Cookies<\/em> nach Bereichen sortiert. Um Ihnen die Suche zu erleichtern, finden Sie die <em>Cookies<\/em> f\u00fcr eine bestimmte Dom\u00e4ne, geben Sie einen Teil oder die gesamte Adresse in das Feld <em>Suche nach Cookies<\/em>.<\/li>\n<li>Nachdem Sie diesen Filter gesetzt haben, erscheinen auf dem Bildschirm eine oder mehrere Zeilen mit dem <em>Cookies<\/em> der gew\u00fcnschten Website. Jetzt m\u00fcssen Sie sie nur noch ausw\u00e4hlen und die Taste <em>X<\/em> mit ihrer Beseitigung fortzufahren.<\/li>\n<\/ol>\n<p>\n\tF\u00fcr den Zugriff auf die Konfiguration von <em>Cookies<\/em> des Browsers <b>Internet Explorer<\/b> folgen Sie diesen Schritten (kann je nach Browserversion variieren):<\/p>\n<ol>\n<li>Gehe zu <em>Werkzeuge<\/em>, <em>Internet-Optionen<\/em><\/li>\n<li>Klicken Sie auf <em>Datenschutz<\/em>.<\/li>\n<li>Bewegen Sie den Schieberegler, um die gew\u00fcnschte Datenschutzstufe einzustellen.<\/li>\n<\/ol>\n<p>\n\tF\u00fcr den Zugriff auf die Konfiguration von <em>Cookies<\/em> des Browsers <b>Firefox<\/b> folgen Sie diesen Schritten (kann je nach Browserversion variieren):<\/p>\n<ol>\n<li>Gehe zu <em>Optionen<\/em> o <em>Pr\u00e4ferenzen<\/em> abh\u00e4ngig von Ihrem Betriebssystem.<\/li>\n<li>Klicken Sie auf <em>Datenschutz<\/em>.<\/li>\n<li>Unter <em>Geschichte<\/em> w\u00e4hlen. <em>Benutzerdefinierte Einstellungen f\u00fcr den Verlauf verwenden<\/em>.<\/li>\n<li>Sie sehen nun die Option <em>Cookies akzeptieren<\/em>Sie k\u00f6nnen sie je nach Ihren W\u00fcnschen aktivieren oder deaktivieren.<\/li>\n<\/ol>\n<p>\n\tF\u00fcr den Zugriff auf die Konfiguration von <em>Cookies<\/em> des Browsers <b>Safari f\u00fcr OSX<\/b> folgen Sie diesen Schritten (kann je nach Browserversion variieren):<\/p>\n<ol>\n<li>Gehe zu <em>Pr\u00e4ferenzen<\/em>dann <em>Datenschutz<\/em>.<\/li>\n<li>Hier sehen Sie die Option <em>Cookies blockieren<\/em> um die Art der Sperrung festzulegen, die Sie durchf\u00fchren m\u00f6chten.<\/li>\n<\/ol>\n<p>\n\tF\u00fcr den Zugriff auf die Konfiguration von <em>Cookies<\/em> des Browsers <b>Safari f\u00fcr iOS<\/b> folgen Sie diesen Schritten (kann je nach Browserversion variieren):<\/p>\n<ol>\n<li>Gehe zu <em>Anpassungen<\/em>dann <em>Safari<\/em>.<\/li>\n<li>Gehe zu <em>Datenschutz und Sicherheit<\/em>sehen Sie die Option <em>Cookies blockieren<\/em> um die Art der Sperrung festzulegen, die Sie durchf\u00fchren m\u00f6chten.<\/li>\n<\/ol>\n<p>\n\tF\u00fcr den Zugriff auf die Konfiguration von <em>Cookies<\/em> des Browsers f\u00fcr Ger\u00e4te <b>Android<\/b> folgen Sie diesen Schritten (kann je nach Browserversion variieren):<\/p>\n<ol>\n<li>Starten Sie den Browser und dr\u00fccken Sie die <em>Men\u00fc<\/em>dann <em>Anpassungen<\/em>.<\/li>\n<li>Gehe zu <em>Sicherheit und Datenschutz<\/em>sehen Sie die Option <em>Cookies akzeptieren<\/em> um das Kontrollk\u00e4stchen zu aktivieren oder zu deaktivieren.<\/li>\n<\/ol>\n<p>\n\tF\u00fcr den Zugriff auf die Konfiguration von <em>Cookies<\/em> des Browsers f\u00fcr Ger\u00e4te <b>Windows Phone<\/b> folgen Sie diesen Schritten (kann je nach Browserversion variieren):<\/p>\n<ol>\n<li>\u00d6ffnen Sie <em>Internet Explorer<\/em>dann <em>Mehr<\/em>dann <em>Konfiguration<\/em><\/li>\n<li>Sie k\u00f6nnen nun die <em>Cookies zulassen<\/em>.<\/li>\n<\/ol>","protected":false},"excerpt":{"rendered":"<p>\u00bfQu\u00e9 es una cookie? Una cookie es un fichero de texto inofensivo que se almacena en su navegador cuando visita casi cualquier p\u00e1gina web. La utilidad de la cookie es que la web sea capaz de recordar su visita cuando vuelva a navegar por esa p\u00e1gina. Aunque mucha gente no lo sabe las cookies se [&hellip;]<\/p>","protected":false},"author":1,"featured_media":0,"parent":0,"menu_order":0,"comment_status":"closed","ping_status":"closed","template":"","meta":{"_acf_changed":false,"footnotes":""},"class_list":["post-10451","page","type-page","status-publish","hentry"],"acf":[],"yoast_head":"<!-- This site is optimized with the Yoast SEO plugin v26.8 - https:\/\/yoast.com\/product\/yoast-seo-wordpress\/ -->\n<title>M\u00e1s informaci\u00f3n sobre las cookies - Energia Fotovoltaica Solar<\/title>\n<meta name=\"robots\" content=\"index, follow, max-snippet:-1, max-image-preview:large, max-video-preview:-1\" \/>\n<link rel=\"canonical\" href=\"https:\/\/solarenergiafotovoltaica.com\/de\/weitere-informationen-uber-cookies\/\" \/>\n<meta property=\"og:locale\" content=\"de_DE\" \/>\n<meta property=\"og:type\" content=\"article\" \/>\n<meta property=\"og:title\" content=\"M\u00e1s informaci\u00f3n sobre las cookies - Energia Fotovoltaica Solar\" \/>\n<meta property=\"og:description\" content=\"\u00bfQu\u00e9 es una cookie? Una cookie es un fichero de texto inofensivo que se almacena en su navegador cuando visita casi cualquier p\u00e1gina web. La utilidad de la cookie es que la web sea capaz de recordar su visita cuando vuelva a navegar por esa p\u00e1gina. Aunque mucha gente no lo sabe las cookies se [&hellip;]\" \/>\n<meta property=\"og:url\" content=\"https:\/\/solarenergiafotovoltaica.com\/de\/weitere-informationen-uber-cookies\/\" \/>\n<meta property=\"og:site_name\" content=\"Energia Fotovoltaica Solar\" \/>\n<meta name=\"twitter:card\" content=\"summary_large_image\" \/>\n<meta name=\"twitter:label1\" content=\"Gesch\u00e4tzte Lesezeit\" \/>\n\t<meta name=\"twitter:data1\" content=\"5\u00a0Minuten\" \/>\n<script type=\"application\/ld+json\" class=\"yoast-schema-graph\">{\"@context\":\"https:\/\/schema.org\",\"@graph\":[{\"@type\":\"WebPage\",\"@id\":\"https:\/\/solarenergiafotovoltaica.com\/mas-informacion-sobre-las-cookies\/\",\"url\":\"https:\/\/solarenergiafotovoltaica.com\/mas-informacion-sobre-las-cookies\/\",\"name\":\"M\u00e1s informaci\u00f3n sobre las cookies - Energia Fotovoltaica Solar\",\"isPartOf\":{\"@id\":\"https:\/\/solarenergiafotovoltaica.com\/#website\"},\"datePublished\":\"2024-05-01T08:58:39+00:00\",\"breadcrumb\":{\"@id\":\"https:\/\/solarenergiafotovoltaica.com\/mas-informacion-sobre-las-cookies\/#breadcrumb\"},\"inLanguage\":\"de\",\"potentialAction\":[{\"@type\":\"ReadAction\",\"target\":[\"https:\/\/solarenergiafotovoltaica.com\/mas-informacion-sobre-las-cookies\/\"]}]},{\"@type\":\"BreadcrumbList\",\"@id\":\"https:\/\/solarenergiafotovoltaica.com\/mas-informacion-sobre-las-cookies\/#breadcrumb\",\"itemListElement\":[{\"@type\":\"ListItem\",\"position\":1,\"name\":\"Portada\",\"item\":\"https:\/\/solarenergiafotovoltaica.com\/\"},{\"@type\":\"ListItem\",\"position\":2,\"name\":\"M\u00e1s informaci\u00f3n sobre las cookies\"}]},{\"@type\":\"WebSite\",\"@id\":\"https:\/\/solarenergiafotovoltaica.com\/#website\",\"url\":\"https:\/\/solarenergiafotovoltaica.com\/\",\"name\":\"Energia Fotovoltaica Solar\",\"description\":\"Instaladores de Placas Solares\",\"publisher\":{\"@id\":\"https:\/\/solarenergiafotovoltaica.com\/#organization\"},\"potentialAction\":[{\"@type\":\"SearchAction\",\"target\":{\"@type\":\"EntryPoint\",\"urlTemplate\":\"https:\/\/solarenergiafotovoltaica.com\/?s={search_term_string}\"},\"query-input\":{\"@type\":\"PropertyValueSpecification\",\"valueRequired\":true,\"valueName\":\"search_term_string\"}}],\"inLanguage\":\"de\"},{\"@type\":\"Organization\",\"@id\":\"https:\/\/solarenergiafotovoltaica.com\/#organization\",\"name\":\"Energio Solar Fotovoltaica\",\"url\":\"https:\/\/solarenergiafotovoltaica.com\/\",\"logo\":{\"@type\":\"ImageObject\",\"inLanguage\":\"de\",\"@id\":\"https:\/\/solarenergiafotovoltaica.com\/#\/schema\/logo\/image\/\",\"url\":\"https:\/\/solarenergiafotovoltaica.com\/wp-content\/uploads\/2020\/10\/solarenergiafotovoltaica.jpg\",\"contentUrl\":\"https:\/\/solarenergiafotovoltaica.com\/wp-content\/uploads\/2020\/10\/solarenergiafotovoltaica.jpg\",\"width\":322,\"height\":87,\"caption\":\"Energio Solar Fotovoltaica\"},\"image\":{\"@id\":\"https:\/\/solarenergiafotovoltaica.com\/#\/schema\/logo\/image\/\"}}]}<\/script>\n<!-- \/ Yoast SEO plugin. -->","yoast_head_json":{"title":"M\u00e1s informaci\u00f3n sobre las cookies - Energia Fotovoltaica Solar","robots":{"index":"index","follow":"follow","max-snippet":"max-snippet:-1","max-image-preview":"max-image-preview:large","max-video-preview":"max-video-preview:-1"},"canonical":"https:\/\/solarenergiafotovoltaica.com\/de\/weitere-informationen-uber-cookies\/","og_locale":"de_DE","og_type":"article","og_title":"M\u00e1s informaci\u00f3n sobre las cookies - Energia Fotovoltaica Solar","og_description":"\u00bfQu\u00e9 es una cookie? Una cookie es un fichero de texto inofensivo que se almacena en su navegador cuando visita casi cualquier p\u00e1gina web. La utilidad de la cookie es que la web sea capaz de recordar su visita cuando vuelva a navegar por esa p\u00e1gina. Aunque mucha gente no lo sabe las cookies se [&hellip;]","og_url":"https:\/\/solarenergiafotovoltaica.com\/de\/weitere-informationen-uber-cookies\/","og_site_name":"Energia Fotovoltaica Solar","twitter_card":"summary_large_image","twitter_misc":{"Gesch\u00e4tzte Lesezeit":"5\u00a0Minuten"},"schema":{"@context":"https:\/\/schema.org","@graph":[{"@type":"WebPage","@id":"https:\/\/solarenergiafotovoltaica.com\/mas-informacion-sobre-las-cookies\/","url":"https:\/\/solarenergiafotovoltaica.com\/mas-informacion-sobre-las-cookies\/","name":"M\u00e1s informaci\u00f3n sobre las cookies - Energia Fotovoltaica Solar","isPartOf":{"@id":"https:\/\/solarenergiafotovoltaica.com\/#website"},"datePublished":"2024-05-01T08:58:39+00:00","breadcrumb":{"@id":"https:\/\/solarenergiafotovoltaica.com\/mas-informacion-sobre-las-cookies\/#breadcrumb"},"inLanguage":"de","potentialAction":[{"@type":"ReadAction","target":["https:\/\/solarenergiafotovoltaica.com\/mas-informacion-sobre-las-cookies\/"]}]},{"@type":"BreadcrumbList","@id":"https:\/\/solarenergiafotovoltaica.com\/mas-informacion-sobre-las-cookies\/#breadcrumb","itemListElement":[{"@type":"ListItem","position":1,"name":"Portada","item":"https:\/\/solarenergiafotovoltaica.com\/"},{"@type":"ListItem","position":2,"name":"M\u00e1s informaci\u00f3n sobre las cookies"}]},{"@type":"WebSite","@id":"https:\/\/solarenergiafotovoltaica.com\/#website","url":"https:\/\/solarenergiafotovoltaica.com\/","name":"Energia Fotovoltaica Solar","description":"Instaladores de Placas Solares","publisher":{"@id":"https:\/\/solarenergiafotovoltaica.com\/#organization"},"potentialAction":[{"@type":"SearchAction","target":{"@type":"EntryPoint","urlTemplate":"https:\/\/solarenergiafotovoltaica.com\/?s={search_term_string}"},"query-input":{"@type":"PropertyValueSpecification","valueRequired":true,"valueName":"search_term_string"}}],"inLanguage":"de"},{"@type":"Organization","@id":"https:\/\/solarenergiafotovoltaica.com\/#organization","name":"Energio Solar Fotovoltaica","url":"https:\/\/solarenergiafotovoltaica.com\/","logo":{"@type":"ImageObject","inLanguage":"de","@id":"https:\/\/solarenergiafotovoltaica.com\/#\/schema\/logo\/image\/","url":"https:\/\/solarenergiafotovoltaica.com\/wp-content\/uploads\/2020\/10\/solarenergiafotovoltaica.jpg","contentUrl":"https:\/\/solarenergiafotovoltaica.com\/wp-content\/uploads\/2020\/10\/solarenergiafotovoltaica.jpg","width":322,"height":87,"caption":"Energio Solar Fotovoltaica"},"image":{"@id":"https:\/\/solarenergiafotovoltaica.com\/#\/schema\/logo\/image\/"}}]}},"_links":{"self":[{"href":"https:\/\/solarenergiafotovoltaica.com\/de\/wp-json\/wp\/v2\/pages\/10451","targetHints":{"allow":["GET"]}}],"collection":[{"href":"https:\/\/solarenergiafotovoltaica.com\/de\/wp-json\/wp\/v2\/pages"}],"about":[{"href":"https:\/\/solarenergiafotovoltaica.com\/de\/wp-json\/wp\/v2\/types\/page"}],"author":[{"embeddable":true,"href":"https:\/\/solarenergiafotovoltaica.com\/de\/wp-json\/wp\/v2\/users\/1"}],"replies":[{"embeddable":true,"href":"https:\/\/solarenergiafotovoltaica.com\/de\/wp-json\/wp\/v2\/comments?post=10451"}],"version-history":[{"count":0,"href":"https:\/\/solarenergiafotovoltaica.com\/de\/wp-json\/wp\/v2\/pages\/10451\/revisions"}],"wp:attachment":[{"href":"https:\/\/solarenergiafotovoltaica.com\/de\/wp-json\/wp\/v2\/media?parent=10451"}],"curies":[{"name":"wp","href":"https:\/\/api.w.org\/{rel}","templated":true}]}}