{"id":8516,"date":"2018-11-30T06:49:24","date_gmt":"2018-11-30T05:49:24","guid":{"rendered":"http:\/\/localhost\/projects\/solar\/?page_id=8516"},"modified":"2021-01-13T10:26:33","modified_gmt":"2021-01-13T09:26:33","slug":"solar-energia-fotovoltaica","status":"publish","type":"page","link":"https:\/\/solarenergiafotovoltaica.com\/de\/photovoltaische-solarenergie\/","title":{"rendered":"Photovoltaische Solarenergie"},"content":{"rendered":"<div class=\"vc_row wpb_row vc_row-fluid vc_custom_1548754881294 cspt-row cspt-bg-color-yes cspt-bg-color-transparent cspt-zindex-zero\">\n\t\t\t\n<div class=\"wpb_column vc_column_container vc_col-sm-6 cspt-column cspt-bg-color-yes cspt-bg-color-transparent cspt-zindex-zero\">\n\t<div class=\"vc_column-inner\">\n\t\t<div class=\"wpb_wrapper\">\n\t\t\t\n\t<div  class=\"wpb_single_image wpb_content_element vc_align_left\">\n\t\t\n\t\t<figure class=\"wpb_wrapper vc_figure\">\n\t\t\t<div class=\"vc_single_image-wrapper   vc_box_border_grey\"><img loading=\"lazy\" decoding=\"async\" class=\"vc_single_image-img\" src=\"https:\/\/solarenergiafotovoltaica.com\/wp-content\/uploads\/2020\/12\/fotovoltaica-san-fernando-584x550.jpg\" width=\"584\" height=\"550\" alt=\"photovoltaik-san-fernando\" title=\"photovoltaik-san-fernando\" \/><\/div>\n\t\t<\/figure>\n\t<\/div>\n\t\t<\/div>\n\t<\/div>\n<\/div>\n\n\n<div class=\"wpb_column vc_column_container vc_col-sm-6 cspt-column cspt-bg-color-yes cspt-bg-color-transparent cspt-zindex-zero\">\n\t<div class=\"vc_column-inner\">\n\t\t<div class=\"wpb_wrapper\">\n\t\t\t\n\t<div  class=\"wpb_single_image wpb_content_element vc_align_left\">\n\t\t\n\t\t<figure class=\"wpb_wrapper vc_figure\">\n\t\t\t<div class=\"vc_single_image-wrapper   vc_box_border_grey\"><img loading=\"lazy\" decoding=\"async\" class=\"vc_single_image-img\" src=\"https:\/\/solarenergiafotovoltaica.com\/wp-content\/uploads\/2020\/12\/fotovoltaica-chiclana-de-la-frontera-584x550.jpg\" width=\"584\" height=\"550\" alt=\"photovoltaik-chiclana-de-la-frontera\" title=\"photovoltaik-chiclana-de-la-frontera\" \/><\/div>\n\t\t<\/figure>\n\t<\/div>\n\t\t<\/div>\n\t<\/div>\n<\/div>\n\n<\/div>\n\n<div class=\"vc_row wpb_row vc_row-fluid vc_custom_1548754930048 cspt-row cspt-bg-color-yes cspt-bg-color-transparent cspt-zindex-zero\">\n\t\t\t\n<div class=\"wpb_column vc_column_container vc_col-sm-4 cspt-column cspt-bg-color-yes cspt-bg-color-transparent cspt-zindex-zero\">\n\t<div class=\"vc_column-inner\">\n\t\t<div class=\"wpb_wrapper\">\n\t\t\t<div  class=\"cspt-ihbox cspt-ihbox-style-hsbox   cspt-reverse-heading-yes\" >\n\t\t<div class=\"cspt-ihbox-contents\">\n\t\t<div class=\"cspt-ihbox-subheading\"><\/div>\t\t<div class=\"cspt-ihbox-heading\"><\/div>\t\t\t\t\t<\/div><!-- .cspt-ihbox-contents -->\n<\/div>\n\t\t<\/div>\n\t<\/div>\n<\/div>\n\n\n<div class=\"wpb_column vc_column_container vc_col-sm-4 cspt-column cspt-bg-color-yes cspt-bg-color-transparent cspt-zindex-zero\">\n\t<div class=\"vc_column-inner vc_custom_1548754043961\">\n\t\t<div class=\"wpb_wrapper\">\n\t\t\t\n\t<div class=\"wpb_text_column wpb_content_element\" >\n\t\t<div class=\"wpb_wrapper\">\n\t\t\t<p align=\"justify\"><strong>SOLARE ENERGIE<\/strong>ein Unternehmen, das sich auf netzgekoppelte, isolierte und thermische Fotovoltaikanlagen spezialisiert hat.<\/p>\n<p align=\"justify\"><strong>Solarenergie<\/strong>wurde mit der Verpflichtung gegr\u00fcndet, neue Alternativen in der nachhaltigen Energieerzeugung zu suchen. Die jahrelange Erfahrung hat uns Recht gegeben. Es ist m\u00f6glich, unsere eigene Energie auf saubere und unersch\u00f6pfliche Weise zu erzeugen, dank der Sonne und der Fotovoltaikmodule.<\/p>\n\n\t\t<\/div>\n\t<\/div>\n\t\t<\/div>\n\t<\/div>\n<\/div>\n\n\n<div class=\"wpb_column vc_column_container vc_col-sm-4 cspt-column cspt-bg-color-yes cspt-bg-color-transparent cspt-zindex-zero\">\n\t<div class=\"vc_column-inner vc_custom_1548754068453\">\n\t\t<div class=\"wpb_wrapper\">\n\t\t\t\n\t<div class=\"wpb_text_column wpb_content_element\" >\n\t\t<div class=\"wpb_wrapper\">\n\t\t\t<p align=\"justify\">Unser Unternehmen ist ein Synonym f\u00fcr Effizienz und Qualit\u00e4t. Wir arbeiten direkt mit den besten H\u00e4ndlern des Sektors zusammen. Wir sind offizielle Installateure von Leroy Merlin und geh\u00f6ren zur Gruppe Leroy Merlin. <strong>KLIMASUR.<\/strong><\/p>\n<p align=\"justify\">Beitritt zum <strong>SELBSTVERZEHR<\/strong> mit photovoltaischer Solarenergie.<\/p>\n\n\t\t<\/div>\n\t<\/div>\n\t\t<\/div>\n\t<\/div>\n<\/div>\n\n<\/div>\n\n<div data-vc-full-width=\"true\" data-vc-full-width-init=\"false\" class=\"vc_row wpb_row vc_row-fluid vc_custom_1548739055171 cspt-row cspt-bg-color-yes cspt-bg-color-light cspt-zindex-zero cspt-bgimage-position-right-bottom cspt-bgimage-yes vc_row-has-fill\">\n\t\t\t\n<div class=\"wpb_column vc_column_container vc_col-sm-12 cspt-column cspt-bg-color-yes cspt-bg-color-transparent cspt-zindex-zero\">\n\t<div class=\"vc_column-inner\">\n\t\t<div class=\"wpb_wrapper\">\n\t\t\t<div  class=\"cspt-ihbox cspt-ihbox-style-hsbox   cspt-reverse-heading-yes cspt-align-center\" >\n\t\t<div class=\"cspt-ihbox-contents\">\n\t\t<div class=\"cspt-ihbox-subheading\"><\/div>\t\t<div class=\"cspt-ihbox-heading\"><\/div>\t\t\t\t\t<\/div><!-- .cspt-ihbox-contents -->\n<\/div>\n\n<div class=\"vc_row wpb_row vc_inner vc_row-fluid cspt-box-2-2-991 cspt-row-inner cspt-bg-color-yes cspt-bg-color-transparent cspt-zindex-zero\">\n\t<div class=\"wpb_column vc_column_container vc_col-sm-3 cspt-column-inner cspt-bg-color-yes cspt-bg-color-transparent cspt-zindex-zero\"><div class=\"vc_column-inner\"><div class=\"wpb_wrapper\"><div class=\"cspt-ihbox cspt-ihbox-style-1\">\n\t<div class=\"cspt-ihbox-icon\"><div class=\"cspt-ihbox-icon-wrapper\"><i class=\"cspt-greenly-icon cspt-greenly-icon-greenhouse\"><\/i><\/div><\/div>\t<div class=\"cspt-ihbox-contents\">\n\t\t<div class=\"cspt-ihbox-heading\"><\/div>\t\t\t\t<div class=\"cspt-ihbox-content\">Pers\u00f6nliche Untersuchung des Standorts (Vermessung, Ausrichtung, Beschattung usw. des Grundst\u00fccks).<\/div>\t\t<div class=\"cspt-ihbox-btn\"><\/div>\t<\/div><!-- .cspt-ihbox-contents -->\n<\/div>\n<\/div><\/div><\/div><div class=\"wpb_column vc_column_container vc_col-sm-3 cspt-column-inner cspt-bg-color-yes cspt-bg-color-transparent cspt-zindex-zero\"><div class=\"vc_column-inner\"><div class=\"wpb_wrapper\"><div class=\"cspt-ihbox cspt-ihbox-style-1\">\n\t<div class=\"cspt-ihbox-icon\"><div class=\"cspt-ihbox-icon-wrapper\"><i class=\"cspt-greenly-icon cspt-greenly-icon-calendar-1\"><\/i><\/div><\/div>\t<div class=\"cspt-ihbox-contents\">\n\t\t<div class=\"cspt-ihbox-heading\"><\/div>\t\t\t\t<div class=\"cspt-ihbox-content\">Wir nennen Ihnen die verschiedenen Installationsm\u00f6glichkeiten und liefern Daten zur Installation.<\/div>\t\t<div class=\"cspt-ihbox-btn\"><\/div>\t<\/div><!-- .cspt-ihbox-contents -->\n<\/div>\n<\/div><\/div><\/div><div class=\"wpb_column vc_column_container vc_col-sm-3 cspt-column-inner cspt-bg-color-yes cspt-bg-color-transparent cspt-zindex-zero\"><div class=\"vc_column-inner\"><div class=\"wpb_wrapper\"><div class=\"cspt-ihbox cspt-ihbox-style-1\">\n\t<div class=\"cspt-ihbox-icon\"><div class=\"cspt-ihbox-icon-wrapper\"><i class=\"cspt-greenly-icon cspt-greenly-icon-solar-panel\"><\/i><\/div><\/div>\t<div class=\"cspt-ihbox-contents\">\n\t\t<div class=\"cspt-ihbox-heading\"><\/div>\t\t\t\t<div class=\"cspt-ihbox-content\">Wir installieren die besten und effizientesten Produkte, die derzeit auf dem Markt erh\u00e4ltlich sind.<\/div>\t\t<div class=\"cspt-ihbox-btn\"><\/div>\t<\/div><!-- .cspt-ihbox-contents -->\n<\/div>\n<\/div><\/div><\/div><div class=\"wpb_column vc_column_container vc_col-sm-3 cspt-column-inner cspt-bg-color-yes cspt-bg-color-transparent cspt-zindex-zero\"><div class=\"vc_column-inner\"><div class=\"wpb_wrapper\"><div class=\"cspt-ihbox cspt-ihbox-style-1\">\n\t<div class=\"cspt-ihbox-icon\"><div class=\"cspt-ihbox-icon-wrapper\"><i class=\"sgicon sgicon-Like\"><\/i><\/div><\/div>\t<div class=\"cspt-ihbox-contents\">\n\t\t<div class=\"cspt-ihbox-heading\"><\/div>\t\t\t\t<div class=\"cspt-ihbox-content\">Wir k\u00fcmmern uns um die Inbetriebnahme der Anlage und die entsprechende Dokumentation.<\/div>\t\t<div class=\"cspt-ihbox-btn\"><\/div>\t<\/div><!-- .cspt-ihbox-contents -->\n<\/div>\n<\/div><\/div><\/div><\/div>\n\t\t<\/div>\n\t<\/div>\n<\/div>\n\n<\/div>\n<div class=\"vc_row-full-width vc_clearfix\"><\/div>\n<div class=\"vc_row wpb_row vc_row-fluid vc_custom_1548754930048 cspt-row cspt-bg-color-yes cspt-bg-color-transparent cspt-zindex-zero\">\n\t\t\t\n<div class=\"wpb_column vc_column_container vc_col-sm-4 cspt-column cspt-bg-color-yes cspt-bg-color-transparent cspt-zindex-zero\">\n\t<div class=\"vc_column-inner\">\n\t\t<div class=\"wpb_wrapper\">\n\t\t\t<div  class=\"cspt-ihbox cspt-ihbox-style-hsbox   cspt-reverse-heading-yes\" >\n\t\t<div class=\"cspt-ihbox-contents\">\n\t\t<div class=\"cspt-ihbox-subheading\"><\/div>\t\t<div class=\"cspt-ihbox-heading\"><\/div>\t\t\t\t\t<\/div><!-- .cspt-ihbox-contents -->\n<\/div>\n\t\t<\/div>\n\t<\/div>\n<\/div>\n\n\n<div class=\"wpb_column vc_column_container vc_col-sm-4 cspt-column cspt-bg-color-yes cspt-bg-color-transparent cspt-zindex-zero\">\n\t<div class=\"vc_column-inner vc_custom_1548754043961\">\n\t\t<div class=\"wpb_wrapper\">\n\t\t\t\n\t<div class=\"wpb_text_column wpb_content_element\" >\n\t\t<div class=\"wpb_wrapper\">\n\t\t\t<p><strong>Solarenergie<\/strong> setzt sich in seinem Engagement f\u00fcr die Umwelt f\u00fcr den Eigenverbrauch ein, um das derzeitige Energiemodell zu \u00e4ndern und einen nachhaltigeren Planeten zu schaffen.<\/p>\n<p><img loading=\"lazy\" decoding=\"async\" class=\"wp-image-10167 aligncenter\" src=\"http:\/\/s377417504.mialojamiento.es\/wp-content\/uploads\/2020\/10\/solarenergiafotovoltaica-300x81.jpg\" alt=\"\" width=\"230\" height=\"62\" srcset=\"https:\/\/solarenergiafotovoltaica.com\/wp-content\/uploads\/2020\/10\/solarenergiafotovoltaica-300x81.jpg 300w, https:\/\/solarenergiafotovoltaica.com\/wp-content\/uploads\/2020\/10\/solarenergiafotovoltaica.jpg 322w\" sizes=\"auto, (max-width: 230px) 100vw, 230px\" \/><\/p>\n\n\t\t<\/div>\n\t<\/div>\n\t\t<\/div>\n\t<\/div>\n<\/div>\n\n\n<div class=\"wpb_column vc_column_container vc_col-sm-4 cspt-column cspt-bg-color-yes cspt-bg-color-transparent cspt-zindex-zero\">\n\t<div class=\"vc_column-inner vc_custom_1548754068453\">\n\t\t<div class=\"wpb_wrapper\">\n\t\t\t\n\t<div class=\"wpb_text_column wpb_content_element\" >\n\t\t<div class=\"wpb_wrapper\">\n\t\t\t<p align=\"justify\">Ein Haushalt, der Photovoltaik nutzt, reduziert seinen CO2-Fu\u00dfabdruck um mehr als 800 Kilo CO2 pro Jahr. Wir br\u00e4uchten mehr als 300 B\u00e4ume, um dieses CO2 zu absorbieren.<\/p>\n<p align=\"justify\">Beitritt zum <strong>SELBSTVERZEHR<\/strong> mit photovoltaischer Solarenergie.<\/p>\n\n\t\t<\/div>\n\t<\/div>\n\t\t<\/div>\n\t<\/div>\n<\/div>\n\n<\/div>\n\n<div data-vc-full-width=\"true\" data-vc-full-width-init=\"false\" class=\"vc_row wpb_row vc_row-fluid cspt-overflow-visible vc_custom_1550131353393 cspt-row cspt-bg-color-yes cspt-bg-color-transparent cspt-zindex-2 cspt-bgimage-position-center-top cspt-bgimage-yes vc_row-has-fill\">\n\t\t\t\n<div class=\"wpb_column vc_column_container vc_col-sm-6 cspt-column cspt-bg-color-yes cspt-bg-color-transparent cspt-zindex-zero\">\n\t<div class=\"vc_column-inner\">\n\t\t<div class=\"wpb_wrapper\">\n\t\t\t\t\t<\/div>\n\t<\/div>\n<\/div>\n\n\n<div class=\"wpb_column vc_column_container vc_col-sm-6 cspt-column cspt-bg-color-yes cspt-bg-color-transparent cspt-zindex-zero\">\n\t<div class=\"vc_column-inner\">\n\t\t<div class=\"wpb_wrapper\">\n\t\t\t<div  class=\"creativesplanet-element creativesplanet-element-testimonial cspt-element-testimonial-style-1 creativesplanet-element-viewtype-carousel cspt-dot-bottom-right\" data-show=\"3\" data-columns=\"1\" data-loop=\"false\" data-autoplay=\"false\" data-center=\"false\" data-nav=\"false\" data-dots=\"true\" data-autoplayspeed=\"1000\" data-margin=\"\"><div class=\"creativesplanet-element-inner\"><div class=\"cspt-element-posts-wrapper row multi-columns-row\"><div class=\"cspt-ele cspt-testimonial-ele col-md-12\"><article class=\"creativesplanet-ele creativesplanet-ele-testimonial cspt-testimonial-style-1 cspt-testimonial-active\"><div class=\"creativesplanet-post-item\">\n\t<div class=\"creativesplanet-box-content\">\t\t\n\t\t<div class=\"creativesplanet-box-desc\">\n\t\t\t<blockquote class=\"creativesplanet-testimonial-text\"><p>Genie\u00dfen Sie den Selbstverbrauch von Energie.<\/p>\n<\/blockquote>\n\t\t<\/div>\t\t\n\t\t<div class=\"creativesplanet-box-author\">\t\n\t\t    <div class=\"creativesplanet-box-img\"><div class=\"cspt-featured-wrapper\"><a href=\"https:\/\/solarenergiafotovoltaica.com\/de\/testimonial\/photovoltaische-solarenergie-2\/\"><img loading=\"lazy\" decoding=\"async\" width=\"69\" height=\"87\" src=\"https:\/\/solarenergiafotovoltaica.com\/wp-content\/uploads\/2018\/02\/fotovoltaica-klimasur.jpg\" class=\"attachment-thumbnail size-thumbnail wp-post-image\" alt=\"\" data-id=\"10359\" \/><\/a><\/div><\/div>\t\n\t\t\t<h3 class=\"creativesplanet-box-title\">Photovoltaische Solarenergie<\/h3>\t\t\t\n\t\t\t<span class=\"cspt-designation\">Solarenergie<\/span>\t\t<\/div>\n\t<\/div>\t\n<\/div><\/article><\/div><\/div><\/div><!-- .creativesplanet-element-inner -->   <\/div><!-- .creativesplanet-element -->  \t\t<\/div>\n\t<\/div>\n<\/div>\n\n<\/div>\n<div class=\"vc_row-full-width vc_clearfix\"><\/div>","protected":false},"excerpt":{"rendered":"Genie\u00dfen Sie den Selbstverbrauch von Energie.","protected":false},"author":1,"featured_media":0,"parent":0,"menu_order":4,"comment_status":"closed","ping_status":"closed","template":"","meta":{"_acf_changed":false,"footnotes":""},"class_list":["post-8516","page","type-page","status-publish","hentry"],"acf":[],"yoast_head":"<!-- This site is optimized with the Yoast SEO plugin v26.8 - https:\/\/yoast.com\/product\/yoast-seo-wordpress\/ -->\n<title>Solar Energia Fotovoltaica - Energia Fotovoltaica Solar<\/title>\n<meta name=\"robots\" content=\"index, follow, max-snippet:-1, max-image-preview:large, max-video-preview:-1\" \/>\n<link rel=\"canonical\" href=\"https:\/\/solarenergiafotovoltaica.com\/de\/photovoltaische-solarenergie\/\" \/>\n<meta property=\"og:locale\" content=\"de_DE\" \/>\n<meta property=\"og:type\" content=\"article\" \/>\n<meta property=\"og:title\" content=\"Solar Energia Fotovoltaica - Energia Fotovoltaica Solar\" \/>\n<meta property=\"og:url\" content=\"https:\/\/solarenergiafotovoltaica.com\/de\/photovoltaische-solarenergie\/\" \/>\n<meta property=\"og:site_name\" content=\"Energia Fotovoltaica Solar\" \/>\n<meta property=\"article:modified_time\" content=\"2021-01-13T09:26:33+00:00\" \/>\n<meta property=\"og:image\" content=\"http:\/\/s377417504.mialojamiento.es\/wp-content\/uploads\/2020\/10\/solarenergiafotovoltaica-300x81.jpg\" \/>\n<meta name=\"twitter:card\" content=\"summary_large_image\" \/>\n<meta name=\"twitter:label1\" content=\"Gesch\u00e4tzte Lesezeit\" \/>\n\t<meta name=\"twitter:data1\" content=\"3\u00a0Minuten\" \/>\n<script type=\"application\/ld+json\" class=\"yoast-schema-graph\">{\"@context\":\"https:\/\/schema.org\",\"@graph\":[{\"@type\":\"WebPage\",\"@id\":\"https:\/\/solarenergiafotovoltaica.com\/solar-energia-fotovoltaica\/\",\"url\":\"https:\/\/solarenergiafotovoltaica.com\/solar-energia-fotovoltaica\/\",\"name\":\"Solar Energia Fotovoltaica - Energia Fotovoltaica Solar\",\"isPartOf\":{\"@id\":\"https:\/\/solarenergiafotovoltaica.com\/#website\"},\"primaryImageOfPage\":{\"@id\":\"https:\/\/solarenergiafotovoltaica.com\/solar-energia-fotovoltaica\/#primaryimage\"},\"image\":{\"@id\":\"https:\/\/solarenergiafotovoltaica.com\/solar-energia-fotovoltaica\/#primaryimage\"},\"thumbnailUrl\":\"http:\/\/s377417504.mialojamiento.es\/wp-content\/uploads\/2020\/10\/solarenergiafotovoltaica-300x81.jpg\",\"datePublished\":\"2018-11-30T05:49:24+00:00\",\"dateModified\":\"2021-01-13T09:26:33+00:00\",\"breadcrumb\":{\"@id\":\"https:\/\/solarenergiafotovoltaica.com\/solar-energia-fotovoltaica\/#breadcrumb\"},\"inLanguage\":\"de\",\"potentialAction\":[{\"@type\":\"ReadAction\",\"target\":[\"https:\/\/solarenergiafotovoltaica.com\/solar-energia-fotovoltaica\/\"]}]},{\"@type\":\"ImageObject\",\"inLanguage\":\"de\",\"@id\":\"https:\/\/solarenergiafotovoltaica.com\/solar-energia-fotovoltaica\/#primaryimage\",\"url\":\"http:\/\/s377417504.mialojamiento.es\/wp-content\/uploads\/2020\/10\/solarenergiafotovoltaica-300x81.jpg\",\"contentUrl\":\"http:\/\/s377417504.mialojamiento.es\/wp-content\/uploads\/2020\/10\/solarenergiafotovoltaica-300x81.jpg\"},{\"@type\":\"BreadcrumbList\",\"@id\":\"https:\/\/solarenergiafotovoltaica.com\/solar-energia-fotovoltaica\/#breadcrumb\",\"itemListElement\":[{\"@type\":\"ListItem\",\"position\":1,\"name\":\"Portada\",\"item\":\"https:\/\/solarenergiafotovoltaica.com\/\"},{\"@type\":\"ListItem\",\"position\":2,\"name\":\"Solar Energia Fotovoltaica\"}]},{\"@type\":\"WebSite\",\"@id\":\"https:\/\/solarenergiafotovoltaica.com\/#website\",\"url\":\"https:\/\/solarenergiafotovoltaica.com\/\",\"name\":\"Energia Fotovoltaica Solar\",\"description\":\"Instaladores de Placas Solares\",\"publisher\":{\"@id\":\"https:\/\/solarenergiafotovoltaica.com\/#organization\"},\"potentialAction\":[{\"@type\":\"SearchAction\",\"target\":{\"@type\":\"EntryPoint\",\"urlTemplate\":\"https:\/\/solarenergiafotovoltaica.com\/?s={search_term_string}\"},\"query-input\":{\"@type\":\"PropertyValueSpecification\",\"valueRequired\":true,\"valueName\":\"search_term_string\"}}],\"inLanguage\":\"de\"},{\"@type\":\"Organization\",\"@id\":\"https:\/\/solarenergiafotovoltaica.com\/#organization\",\"name\":\"Energio Solar Fotovoltaica\",\"url\":\"https:\/\/solarenergiafotovoltaica.com\/\",\"logo\":{\"@type\":\"ImageObject\",\"inLanguage\":\"de\",\"@id\":\"https:\/\/solarenergiafotovoltaica.com\/#\/schema\/logo\/image\/\",\"url\":\"https:\/\/solarenergiafotovoltaica.com\/wp-content\/uploads\/2020\/10\/solarenergiafotovoltaica.jpg\",\"contentUrl\":\"https:\/\/solarenergiafotovoltaica.com\/wp-content\/uploads\/2020\/10\/solarenergiafotovoltaica.jpg\",\"width\":322,\"height\":87,\"caption\":\"Energio Solar Fotovoltaica\"},\"image\":{\"@id\":\"https:\/\/solarenergiafotovoltaica.com\/#\/schema\/logo\/image\/\"}}]}<\/script>\n<!-- \/ Yoast SEO plugin. -->","yoast_head_json":{"title":"Solar Energia Fotovoltaica - Energia Fotovoltaica Solar","robots":{"index":"index","follow":"follow","max-snippet":"max-snippet:-1","max-image-preview":"max-image-preview:large","max-video-preview":"max-video-preview:-1"},"canonical":"https:\/\/solarenergiafotovoltaica.com\/de\/photovoltaische-solarenergie\/","og_locale":"de_DE","og_type":"article","og_title":"Solar Energia Fotovoltaica - Energia Fotovoltaica Solar","og_url":"https:\/\/solarenergiafotovoltaica.com\/de\/photovoltaische-solarenergie\/","og_site_name":"Energia Fotovoltaica Solar","article_modified_time":"2021-01-13T09:26:33+00:00","og_image":[{"url":"http:\/\/s377417504.mialojamiento.es\/wp-content\/uploads\/2020\/10\/solarenergiafotovoltaica-300x81.jpg","type":"","width":"","height":""}],"twitter_card":"summary_large_image","twitter_misc":{"Gesch\u00e4tzte Lesezeit":"3\u00a0Minuten"},"schema":{"@context":"https:\/\/schema.org","@graph":[{"@type":"WebPage","@id":"https:\/\/solarenergiafotovoltaica.com\/solar-energia-fotovoltaica\/","url":"https:\/\/solarenergiafotovoltaica.com\/solar-energia-fotovoltaica\/","name":"Solar Energia Fotovoltaica - Energia Fotovoltaica Solar","isPartOf":{"@id":"https:\/\/solarenergiafotovoltaica.com\/#website"},"primaryImageOfPage":{"@id":"https:\/\/solarenergiafotovoltaica.com\/solar-energia-fotovoltaica\/#primaryimage"},"image":{"@id":"https:\/\/solarenergiafotovoltaica.com\/solar-energia-fotovoltaica\/#primaryimage"},"thumbnailUrl":"http:\/\/s377417504.mialojamiento.es\/wp-content\/uploads\/2020\/10\/solarenergiafotovoltaica-300x81.jpg","datePublished":"2018-11-30T05:49:24+00:00","dateModified":"2021-01-13T09:26:33+00:00","breadcrumb":{"@id":"https:\/\/solarenergiafotovoltaica.com\/solar-energia-fotovoltaica\/#breadcrumb"},"inLanguage":"de","potentialAction":[{"@type":"ReadAction","target":["https:\/\/solarenergiafotovoltaica.com\/solar-energia-fotovoltaica\/"]}]},{"@type":"ImageObject","inLanguage":"de","@id":"https:\/\/solarenergiafotovoltaica.com\/solar-energia-fotovoltaica\/#primaryimage","url":"http:\/\/s377417504.mialojamiento.es\/wp-content\/uploads\/2020\/10\/solarenergiafotovoltaica-300x81.jpg","contentUrl":"http:\/\/s377417504.mialojamiento.es\/wp-content\/uploads\/2020\/10\/solarenergiafotovoltaica-300x81.jpg"},{"@type":"BreadcrumbList","@id":"https:\/\/solarenergiafotovoltaica.com\/solar-energia-fotovoltaica\/#breadcrumb","itemListElement":[{"@type":"ListItem","position":1,"name":"Portada","item":"https:\/\/solarenergiafotovoltaica.com\/"},{"@type":"ListItem","position":2,"name":"Solar Energia Fotovoltaica"}]},{"@type":"WebSite","@id":"https:\/\/solarenergiafotovoltaica.com\/#website","url":"https:\/\/solarenergiafotovoltaica.com\/","name":"Energia Fotovoltaica Solar","description":"Instaladores de Placas Solares","publisher":{"@id":"https:\/\/solarenergiafotovoltaica.com\/#organization"},"potentialAction":[{"@type":"SearchAction","target":{"@type":"EntryPoint","urlTemplate":"https:\/\/solarenergiafotovoltaica.com\/?s={search_term_string}"},"query-input":{"@type":"PropertyValueSpecification","valueRequired":true,"valueName":"search_term_string"}}],"inLanguage":"de"},{"@type":"Organization","@id":"https:\/\/solarenergiafotovoltaica.com\/#organization","name":"Energio Solar Fotovoltaica","url":"https:\/\/solarenergiafotovoltaica.com\/","logo":{"@type":"ImageObject","inLanguage":"de","@id":"https:\/\/solarenergiafotovoltaica.com\/#\/schema\/logo\/image\/","url":"https:\/\/solarenergiafotovoltaica.com\/wp-content\/uploads\/2020\/10\/solarenergiafotovoltaica.jpg","contentUrl":"https:\/\/solarenergiafotovoltaica.com\/wp-content\/uploads\/2020\/10\/solarenergiafotovoltaica.jpg","width":322,"height":87,"caption":"Energio Solar Fotovoltaica"},"image":{"@id":"https:\/\/solarenergiafotovoltaica.com\/#\/schema\/logo\/image\/"}}]}},"_links":{"self":[{"href":"https:\/\/solarenergiafotovoltaica.com\/de\/wp-json\/wp\/v2\/pages\/8516","targetHints":{"allow":["GET"]}}],"collection":[{"href":"https:\/\/solarenergiafotovoltaica.com\/de\/wp-json\/wp\/v2\/pages"}],"about":[{"href":"https:\/\/solarenergiafotovoltaica.com\/de\/wp-json\/wp\/v2\/types\/page"}],"author":[{"embeddable":true,"href":"https:\/\/solarenergiafotovoltaica.com\/de\/wp-json\/wp\/v2\/users\/1"}],"replies":[{"embeddable":true,"href":"https:\/\/solarenergiafotovoltaica.com\/de\/wp-json\/wp\/v2\/comments?post=8516"}],"version-history":[{"count":23,"href":"https:\/\/solarenergiafotovoltaica.com\/de\/wp-json\/wp\/v2\/pages\/8516\/revisions"}],"predecessor-version":[{"id":10206,"href":"https:\/\/solarenergiafotovoltaica.com\/de\/wp-json\/wp\/v2\/pages\/8516\/revisions\/10206"}],"wp:attachment":[{"href":"https:\/\/solarenergiafotovoltaica.com\/de\/wp-json\/wp\/v2\/media?parent=8516"}],"curies":[{"name":"wp","href":"https:\/\/api.w.org\/{rel}","templated":true}]}}